{"id":2,"date":"2019-07-15T11:11:20","date_gmt":"2019-07-15T11:11:20","guid":{"rendered":"https:\/\/casasdosenhor.pt\/novo\/?page_id=2"},"modified":"2019-08-24T12:41:09","modified_gmt":"2019-08-24T11:41:09","slug":"sample-page","status":"publish","type":"page","link":"https:\/\/www.casasdosenhor.pt\/novo\/","title":{"rendered":"<i class=\"fa fa-home\" aria-hidden=\"true\"><\/i> Inicio"},"content":{"rendered":"<a id=\"aboutus\"><\/a>\r\n\r\n<div class=\"wp-block-image\" style=\"text-align: center;\">\r\n<figure><img decoding=\"async\" loading=\"lazy\" class=\"wp-image-243 aligncenter\" src=\"https:\/\/www.casasdosenhor.pt\/novo\/wp-content\/uploads\/2019\/07\/logo20anos_2-1024x276.jpg\" alt=\"\" width=\"512\" height=\"138\" srcset=\"https:\/\/www.casasdosenhor.pt\/novo\/wp-content\/uploads\/2019\/07\/logo20anos_2-1024x276.jpg 1024w, https:\/\/www.casasdosenhor.pt\/novo\/wp-content\/uploads\/2019\/07\/logo20anos_2-300x81.jpg 300w, https:\/\/www.casasdosenhor.pt\/novo\/wp-content\/uploads\/2019\/07\/logo20anos_2-768x207.jpg 768w, https:\/\/www.casasdosenhor.pt\/novo\/wp-content\/uploads\/2019\/07\/logo20anos_2.jpg 1975w\" sizes=\"(max-width: 512px) 100vw, 512px\" \/><\/figure>\r\n<\/div>\r\n\r\n\r\n\r\n<div class=\"wp-block-spacer\" style=\"height: 20px;\" aria-hidden=\"true\">\u00a0<\/div>\r\n\r\n\r\n\r\n<p align=\"justify\"><span style=\"font-size: 14pt; font-family: arial, helvetica, sans-serif;\">Fundada em 1999, a nossa empresa dedica-se ao desenvolvimento, produ\u00e7\u00e3o e comercializa\u00e7\u00e3o de produtos t\u00eaxtil-lar.<\/span><\/p>\r\n<p><span style=\"font-size: 14pt; font-family: arial, helvetica, sans-serif;\">\r\n\r\n<\/span><\/p>\r\n<p align=\"justify\"><span style=\"font-size: 14pt; font-family: arial, helvetica, sans-serif;\">Desde a escolha cuidada das melhores mat\u00e9rias primas, passando pela rigorosa confe\u00e7\u00e3o do produto at\u00e9 ao compromisso de proximidade com o cliente, primamos por um servi\u00e7o de excel\u00eancia, onde se destaca a elevada qualidade dos nossos artigos \u2013 atoalhados de mesa, jogos de banho e cortinados.<\/span><\/p>\r\n<p><span style=\"font-size: 14pt; font-family: arial, helvetica, sans-serif;\">\r\n\r\n<\/span><\/p>\r\n<p align=\"justify\"><span style=\"font-size: 14pt; font-family: arial, helvetica, sans-serif;\">Somos uma empresa familiar, com tradi\u00e7\u00e3o e inova\u00e7\u00e3o, que ocupa uma posi\u00e7\u00e3o de refer\u00eancia no setor, a n\u00edvel nacional, com os olhos postos na internacionaliza\u00e7\u00e3o. Trabalhamos diariamente, de forma dedicada, para que os nossos produtos mantenham a assinatura de qualidade, confian\u00e7a e diferencia\u00e7\u00e3o.<\/span><\/p>\r\n<p><span style=\"font-size: 14pt; font-family: arial, helvetica, sans-serif;\">\r\n\r\n<\/span><\/p>\r\n<p align=\"justify\"><span style=\"font-size: 14pt; font-family: arial, helvetica, sans-serif;\">Agradecemos a sua visita!<\/span><\/p>\r\n\r\n\r\n\r\n<div class=\"wp-block-image\">\r\n<figure class=\"aligncenter\"><img decoding=\"async\" loading=\"lazy\" width=\"932\" height=\"258\" class=\"wp-image-272\" src=\"https:\/\/www.casasdosenhor.pt\/novo\/wp-content\/uploads\/2019\/08\/portugalsoueufinal.jpg\" alt=\"\" srcset=\"https:\/\/www.casasdosenhor.pt\/novo\/wp-content\/uploads\/2019\/08\/portugalsoueufinal.jpg 932w, https:\/\/www.casasdosenhor.pt\/novo\/wp-content\/uploads\/2019\/08\/portugalsoueufinal-300x83.jpg 300w, https:\/\/www.casasdosenhor.pt\/novo\/wp-content\/uploads\/2019\/08\/portugalsoueufinal-768x213.jpg 768w\" sizes=\"(max-width: 932px) 100vw, 932px\" \/><\/figure>\r\n<\/div>\r\n\r\n\r\n\r\n<p>&nbsp;<\/p>\r\n\r\n\r\n\r\n<p>&nbsp;<\/p>\r\n","protected":false},"excerpt":{"rendered":"<p>Fundada em 1999, a nossa empresa dedica-se ao desenvolvimento, produ\u00e7\u00e3o e comercializa\u00e7\u00e3o de produtos t\u00eaxtil-lar. Desde a escolha cuidada das melhores mat\u00e9rias primas, passando pela rigorosa confe\u00e7\u00e3o do produto at\u00e9 ao compromisso<a class=\"moretag\" href=\"https:\/\/www.casasdosenhor.pt\/novo\/\">Read More&#8230;<\/a><\/p>\n","protected":false},"author":1,"featured_media":0,"parent":0,"menu_order":0,"comment_status":"closed","ping_status":"open","template":"","meta":{"footnotes":""},"_links":{"self":[{"href":"https:\/\/www.casasdosenhor.pt\/novo\/wp-json\/wp\/v2\/pages\/2"}],"collection":[{"href":"https:\/\/www.casasdosenhor.pt\/novo\/wp-json\/wp\/v2\/pages"}],"about":[{"href":"https:\/\/www.casasdosenhor.pt\/novo\/wp-json\/wp\/v2\/types\/page"}],"author":[{"embeddable":true,"href":"https:\/\/www.casasdosenhor.pt\/novo\/wp-json\/wp\/v2\/users\/1"}],"replies":[{"embeddable":true,"href":"https:\/\/www.casasdosenhor.pt\/novo\/wp-json\/wp\/v2\/comments?post=2"}],"version-history":[{"count":71,"href":"https:\/\/www.casasdosenhor.pt\/novo\/wp-json\/wp\/v2\/pages\/2\/revisions"}],"predecessor-version":[{"id":351,"href":"https:\/\/www.casasdosenhor.pt\/novo\/wp-json\/wp\/v2\/pages\/2\/revisions\/351"}],"wp:attachment":[{"href":"https:\/\/www.casasdosenhor.pt\/novo\/wp-json\/wp\/v2\/media?parent=2"}],"curies":[{"name":"wp","href":"https:\/\/api.w.org\/{rel}","templated":true}]}}