{"id":355,"date":"2019-08-24T12:49:49","date_gmt":"2019-08-24T11:49:49","guid":{"rendered":"https:\/\/www.casasdosenhor.pt\/novo\/?page_id=355"},"modified":"2025-09-09T12:08:39","modified_gmt":"2025-09-09T11:08:39","slug":"catalogos","status":"publish","type":"page","link":"https:\/\/www.casasdosenhor.pt\/novo\/catalogos\/","title":{"rendered":"<i class=\"fa fa-book\" aria-hidden=\"true\"><\/i> Cat\u00e1logos"},"content":{"rendered":"<table style=\"border-collapse: collapse; width: 100%;\">\n<tbody>\n<tr>\n<td style=\"width: 25%; text-align: center;\"><\/td>\n<td style=\"width: 25%; text-align: center;\"><\/td>\n<td style=\"width: 25%; text-align: center;\"><\/td>\n<td style=\"width: 25%; text-align: center;\"><\/td>\n<\/tr>\n<tr>\n<td style=\"width: 25%; text-align: center;\">Cat\u00e1logo Natal 2025<\/td>\n<td style=\"width: 25%; text-align: center;\">Cat\u00e1logo 2025<\/td>\n<td style=\"width: 25%; text-align: center;\">Cat\u00e1logo Natal 2024<\/td>\n<td style=\"width: 25%; text-align: center;\"><span style=\"text-align: center;\">Cat\u00e1logo 2024<\/span><\/td>\n<\/tr>\n<tr>\n<td style=\"width: 25%; text-align: center;\"><a href=\"https:\/\/www.casasdosenhor.pt\/novo\/catalogo-natal-2023\/\"><img decoding=\"async\" loading=\"lazy\" class=\"wp-image-456 size-medium aligncenter\" src=\"https:\/\/www.casasdosenhor.pt\/novo\/wp-content\/uploads\/2023\/08\/catalogonatal2023-211x300.png\" alt=\"\" width=\"211\" height=\"300\" srcset=\"https:\/\/www.casasdosenhor.pt\/novo\/wp-content\/uploads\/2023\/08\/catalogonatal2023-211x300.png 211w, https:\/\/www.casasdosenhor.pt\/novo\/wp-content\/uploads\/2023\/08\/catalogonatal2023-722x1024.png 722w, https:\/\/www.casasdosenhor.pt\/novo\/wp-content\/uploads\/2023\/08\/catalogonatal2023-768x1089.png 768w, https:\/\/www.casasdosenhor.pt\/novo\/wp-content\/uploads\/2023\/08\/catalogonatal2023-1083x1536.png 1083w, https:\/\/www.casasdosenhor.pt\/novo\/wp-content\/uploads\/2023\/08\/catalogonatal2023-1444x2048.png 1444w, https:\/\/www.casasdosenhor.pt\/novo\/wp-content\/uploads\/2023\/08\/catalogonatal2023.png 1749w\" sizes=\"(max-width: 211px) 100vw, 211px\" \/><\/a><\/td>\n<td style=\"width: 25%; text-align: center;\"><a href=\"https:\/\/www.casasdosenhor.pt\/novo\/wp-content\/uploads\/2023\/05\/Catalogo-CS-2023.pdf\"><img decoding=\"async\" loading=\"lazy\" class=\"alignnone wp-image-453 size-medium\" style=\"font-size: 16px;\" src=\"https:\/\/www.casasdosenhor.pt\/novo\/wp-content\/uploads\/2023\/08\/catalogo2023-300x281.png\" alt=\"\" width=\"300\" height=\"281\" srcset=\"https:\/\/www.casasdosenhor.pt\/novo\/wp-content\/uploads\/2023\/08\/catalogo2023-300x281.png 300w, https:\/\/www.casasdosenhor.pt\/novo\/wp-content\/uploads\/2023\/08\/catalogo2023-1024x959.png 1024w, https:\/\/www.casasdosenhor.pt\/novo\/wp-content\/uploads\/2023\/08\/catalogo2023-768x719.png 768w, https:\/\/www.casasdosenhor.pt\/novo\/wp-content\/uploads\/2023\/08\/catalogo2023-1536x1438.png 1536w, https:\/\/www.casasdosenhor.pt\/novo\/wp-content\/uploads\/2023\/08\/catalogo2023.png 1823w\" sizes=\"(max-width: 300px) 100vw, 300px\" \/><\/a><\/td>\n<td style=\"width: 25%; text-align: center;\"><a href=\"https:\/\/www.casasdosenhor.pt\/novo\/catalogo-natal-2022\/\"><img decoding=\"async\" loading=\"lazy\" class=\"alignnone wp-image-459 size-medium\" src=\"https:\/\/www.casasdosenhor.pt\/novo\/wp-content\/uploads\/2023\/08\/catalogonatal2022-211x300.png\" alt=\"\" width=\"211\" height=\"300\" srcset=\"https:\/\/www.casasdosenhor.pt\/novo\/wp-content\/uploads\/2023\/08\/catalogonatal2022-211x300.png 211w, https:\/\/www.casasdosenhor.pt\/novo\/wp-content\/uploads\/2023\/08\/catalogonatal2022-721x1024.png 721w, https:\/\/www.casasdosenhor.pt\/novo\/wp-content\/uploads\/2023\/08\/catalogonatal2022-768x1090.png 768w, https:\/\/www.casasdosenhor.pt\/novo\/wp-content\/uploads\/2023\/08\/catalogonatal2022-1082x1536.png 1082w, https:\/\/www.casasdosenhor.pt\/novo\/wp-content\/uploads\/2023\/08\/catalogonatal2022-1443x2048.png 1443w, https:\/\/www.casasdosenhor.pt\/novo\/wp-content\/uploads\/2023\/08\/catalogonatal2022.png 1747w\" sizes=\"(max-width: 211px) 100vw, 211px\" \/><\/a><\/td>\n<td style=\"width: 25%; text-align: center;\"><a href=\"https:\/\/www.casasdosenhor.pt\/novo\/wp-content\/uploads\/2022\/04\/Catalogo-TCS-2022.pdf\"><img decoding=\"async\" loading=\"lazy\" class=\"alignnone size-medium wp-image-425\" style=\"font-size: 16px;\" src=\"https:\/\/www.casasdosenhor.pt\/novo\/wp-content\/uploads\/2022\/04\/catalogo2022-300x281.jpg\" alt=\"\" width=\"300\" height=\"281\" srcset=\"https:\/\/www.casasdosenhor.pt\/novo\/wp-content\/uploads\/2022\/04\/catalogo2022-300x281.jpg 300w, https:\/\/www.casasdosenhor.pt\/novo\/wp-content\/uploads\/2022\/04\/catalogo2022-1024x958.jpg 1024w, https:\/\/www.casasdosenhor.pt\/novo\/wp-content\/uploads\/2022\/04\/catalogo2022-768x719.jpg 768w, https:\/\/www.casasdosenhor.pt\/novo\/wp-content\/uploads\/2022\/04\/catalogo2022-1536x1437.jpg 1536w, https:\/\/www.casasdosenhor.pt\/novo\/wp-content\/uploads\/2022\/04\/catalogo2022-2048x1916.jpg 2048w\" sizes=\"(max-width: 300px) 100vw, 300px\" \/><\/a><\/td>\n<\/tr>\n<tr>\n<td style=\"width: 25%; text-align: center;\"><span style=\"font-size: 16px; text-align: center;\">Cat\u00e1logo Natal 2023<\/span><\/td>\n<td style=\"width: 25%; text-align: center;\"><span style=\"font-size: 16px; text-align: center;\">Cat\u00e1logo\u00a0 2023<\/span><\/td>\n<td style=\"width: 25%; text-align: center;\"><span style=\"font-size: 16px; text-align: center;\">Cat\u00e1logo Natal 2022<\/span><\/td>\n<td style=\"width: 25%; text-align: center;\"><span style=\"font-size: 16px; text-align: center;\">Cat\u00e1logo 2022<\/span><\/td>\n<\/tr>\n<tr>\n<td style=\"width: 25%; text-align: center;\"><a href=\"https:\/\/www.casasdosenhor.pt\/novo\/catalogo-natal-2021\/\"><img decoding=\"async\" loading=\"lazy\" class=\"size-medium wp-image-408 aligncenter\" src=\"https:\/\/www.casasdosenhor.pt\/novo\/wp-content\/uploads\/2021\/09\/tcsnatal2021-174x300.jpg\" alt=\"\" width=\"174\" height=\"300\" srcset=\"https:\/\/www.casasdosenhor.pt\/novo\/wp-content\/uploads\/2021\/09\/tcsnatal2021-174x300.jpg 174w, https:\/\/www.casasdosenhor.pt\/novo\/wp-content\/uploads\/2021\/09\/tcsnatal2021-595x1024.jpg 595w, https:\/\/www.casasdosenhor.pt\/novo\/wp-content\/uploads\/2021\/09\/tcsnatal2021-768x1321.jpg 768w, https:\/\/www.casasdosenhor.pt\/novo\/wp-content\/uploads\/2021\/09\/tcsnatal2021-893x1536.jpg 893w, https:\/\/www.casasdosenhor.pt\/novo\/wp-content\/uploads\/2021\/09\/tcsnatal2021-1190x2048.jpg 1190w, https:\/\/www.casasdosenhor.pt\/novo\/wp-content\/uploads\/2021\/09\/tcsnatal2021-scaled.jpg 1488w\" sizes=\"(max-width: 174px) 100vw, 174px\" \/><\/a><\/td>\n<td style=\"width: 25%; text-align: center;\"><a href=\"https:\/\/www.casasdosenhor.pt\/novo\/catalogo-2021\/\"><img decoding=\"async\" loading=\"lazy\" class=\"wp-image-402 size-medium aligncenter\" src=\"https:\/\/www.casasdosenhor.pt\/novo\/wp-content\/uploads\/2021\/06\/catalogo2021-211x300.jpg\" alt=\"\" width=\"211\" height=\"300\" srcset=\"https:\/\/www.casasdosenhor.pt\/novo\/wp-content\/uploads\/2021\/06\/catalogo2021-211x300.jpg 211w, https:\/\/www.casasdosenhor.pt\/novo\/wp-content\/uploads\/2021\/06\/catalogo2021-722x1024.jpg 722w, https:\/\/www.casasdosenhor.pt\/novo\/wp-content\/uploads\/2021\/06\/catalogo2021-768x1090.jpg 768w, https:\/\/www.casasdosenhor.pt\/novo\/wp-content\/uploads\/2021\/06\/catalogo2021-1083x1536.jpg 1083w, https:\/\/www.casasdosenhor.pt\/novo\/wp-content\/uploads\/2021\/06\/catalogo2021-1444x2048.jpg 1444w, https:\/\/www.casasdosenhor.pt\/novo\/wp-content\/uploads\/2021\/06\/catalogo2021.jpg 1748w\" sizes=\"(max-width: 211px) 100vw, 211px\" \/><\/a><\/td>\n<td style=\"width: 25%; text-align: center;\"><a href=\"https:\/\/www.casasdosenhor.pt\/novo\/catalogo-natal-2020\/\"><img decoding=\"async\" loading=\"lazy\" class=\"wp-image-401 size-medium aligncenter\" src=\"https:\/\/www.casasdosenhor.pt\/novo\/wp-content\/uploads\/2021\/06\/catalogonatal2020-174x300.jpg\" alt=\"\" width=\"174\" height=\"300\" srcset=\"https:\/\/www.casasdosenhor.pt\/novo\/wp-content\/uploads\/2021\/06\/catalogonatal2020-174x300.jpg 174w, https:\/\/www.casasdosenhor.pt\/novo\/wp-content\/uploads\/2021\/06\/catalogonatal2020-595x1024.jpg 595w, https:\/\/www.casasdosenhor.pt\/novo\/wp-content\/uploads\/2021\/06\/catalogonatal2020-768x1321.jpg 768w, https:\/\/www.casasdosenhor.pt\/novo\/wp-content\/uploads\/2021\/06\/catalogonatal2020-893x1536.jpg 893w, https:\/\/www.casasdosenhor.pt\/novo\/wp-content\/uploads\/2021\/06\/catalogonatal2020-1190x2048.jpg 1190w, https:\/\/www.casasdosenhor.pt\/novo\/wp-content\/uploads\/2021\/06\/catalogonatal2020-scaled.jpg 1488w\" sizes=\"(max-width: 174px) 100vw, 174px\" \/><\/a><\/td>\n<td style=\"width: 25%; text-align: center;\"><a href=\"https:\/\/www.casasdosenhor.pt\/novo\/catalogo-2020\/\"><img decoding=\"async\" loading=\"lazy\" class=\"wp-image-400 size-medium aligncenter\" src=\"https:\/\/www.casasdosenhor.pt\/novo\/wp-content\/uploads\/2021\/06\/catalogo2020-300x281.jpg\" alt=\"\" width=\"300\" height=\"281\" srcset=\"https:\/\/www.casasdosenhor.pt\/novo\/wp-content\/uploads\/2021\/06\/catalogo2020-300x281.jpg 300w, https:\/\/www.casasdosenhor.pt\/novo\/wp-content\/uploads\/2021\/06\/catalogo2020-1024x958.jpg 1024w, https:\/\/www.casasdosenhor.pt\/novo\/wp-content\/uploads\/2021\/06\/catalogo2020-768x719.jpg 768w, https:\/\/www.casasdosenhor.pt\/novo\/wp-content\/uploads\/2021\/06\/catalogo2020-1536x1438.jpg 1536w, https:\/\/www.casasdosenhor.pt\/novo\/wp-content\/uploads\/2021\/06\/catalogo2020-2048x1917.jpg 2048w\" sizes=\"(max-width: 300px) 100vw, 300px\" \/><\/a><\/td>\n<\/tr>\n<tr>\n<td style=\"width: 25%; text-align: center;\"><span style=\"font-size: 16px; text-align: center;\">Cat\u00e1logo Natal 2021<\/span><\/td>\n<td style=\"width: 25%; text-align: center;\"><span style=\"font-size: 16px; text-align: center;\">Cat\u00e1logo 2021<\/span><\/td>\n<td style=\"width: 25%; text-align: center;\"><span style=\"font-size: 16px; text-align: center;\">Cat\u00e1logo Natal 2020<\/span><\/td>\n<td style=\"width: 25%; text-align: center;\"><span style=\"font-size: 16px; text-align: center;\">Cat\u00e1logo 2020<\/span><\/td>\n<\/tr>\n<tr>\n<td style=\"width: 25%; text-align: center;\"><a href=\"https:\/\/www.casasdosenhor.pt\/novo\/catalogo-natal-2019\/\"><img decoding=\"async\" loading=\"lazy\" class=\"aligncenter wp-image-358 size-medium\" src=\"https:\/\/www.casasdosenhor.pt\/novo\/wp-content\/uploads\/2019\/08\/cat1-211x300.jpg\" alt=\"\" width=\"211\" height=\"300\" srcset=\"https:\/\/www.casasdosenhor.pt\/novo\/wp-content\/uploads\/2019\/08\/cat1-211x300.jpg 211w, https:\/\/www.casasdosenhor.pt\/novo\/wp-content\/uploads\/2019\/08\/cat1.jpg 300w\" sizes=\"(max-width: 211px) 100vw, 211px\" \/><\/a><\/td>\n<td style=\"width: 25%; text-align: center;\"><img decoding=\"async\" loading=\"lazy\" class=\"aligncenter wp-image-359 size-medium\" style=\"color: #ea9629;\" src=\"https:\/\/www.casasdosenhor.pt\/novo\/wp-content\/uploads\/2019\/08\/cat2-300x281.jpg\" alt=\"\" width=\"300\" height=\"281\" \/><\/td>\n<td style=\"width: 25%; text-align: center;\"><a href=\"https:\/\/www.casasdosenhor.pt\/novo\/catalogo-2018\/\"><img decoding=\"async\" loading=\"lazy\" class=\"aligncenter wp-image-360 size-medium\" src=\"https:\/\/www.casasdosenhor.pt\/novo\/wp-content\/uploads\/2019\/08\/cat3-211x300.jpg\" alt=\"\" width=\"211\" height=\"300\" srcset=\"https:\/\/www.casasdosenhor.pt\/novo\/wp-content\/uploads\/2019\/08\/cat3-211x300.jpg 211w, https:\/\/www.casasdosenhor.pt\/novo\/wp-content\/uploads\/2019\/08\/cat3.jpg 300w\" sizes=\"(max-width: 211px) 100vw, 211px\" \/><\/a><\/td>\n<td style=\"width: 25%; text-align: center;\"><\/td>\n<\/tr>\n<tr>\n<td style=\"width: 25%; text-align: center;\">Cat\u00e1logo Natal 2019<\/td>\n<td style=\"width: 25%; text-align: center;\">Cat\u00e1logo 2019<\/td>\n<td style=\"width: 25%; text-align: center;\"><span style=\"font-size: 16px; text-align: center;\">Cat\u00e1logo Natal 2018<\/span><\/td>\n<td style=\"width: 25%; text-align: center;\"><\/td>\n<\/tr>\n<tr>\n<td style=\"width: 25%; text-align: center;\"><\/td>\n<td style=\"width: 25%; text-align: center;\"><\/td>\n<td style=\"width: 25%; text-align: center;\"><\/td>\n<td style=\"width: 25%; text-align: center;\"><\/td>\n<\/tr>\n<tr>\n<td style=\"width: 25%; text-align: center;\"><\/td>\n<td style=\"width: 25%; text-align: center;\"><\/td>\n<td style=\"width: 25%; text-align: center;\"><\/td>\n<td style=\"width: 25%; text-align: center;\"><\/td>\n<\/tr>\n<\/tbody>\n<\/table>\n","protected":false},"excerpt":{"rendered":"<p>Cat\u00e1logo Natal 2025 Cat\u00e1logo 2025 Cat\u00e1logo Natal 2024 Cat\u00e1logo 2024 Cat\u00e1logo Natal 2023 Cat\u00e1logo\u00a0 2023 Cat\u00e1logo Natal 2022 Cat\u00e1logo 2022 Cat\u00e1logo Natal 2021 Cat\u00e1logo 2021 Cat\u00e1logo Natal 2020 Cat\u00e1logo 2020 Cat\u00e1logo Natal<a class=\"moretag\" href=\"https:\/\/www.casasdosenhor.pt\/novo\/catalogos\/\">Read More&#8230;<\/a><\/p>\n","protected":false},"author":1,"featured_media":0,"parent":0,"menu_order":0,"comment_status":"closed","ping_status":"closed","template":"","meta":{"footnotes":""},"_links":{"self":[{"href":"https:\/\/www.casasdosenhor.pt\/novo\/wp-json\/wp\/v2\/pages\/355"}],"collection":[{"href":"https:\/\/www.casasdosenhor.pt\/novo\/wp-json\/wp\/v2\/pages"}],"about":[{"href":"https:\/\/www.casasdosenhor.pt\/novo\/wp-json\/wp\/v2\/types\/page"}],"author":[{"embeddable":true,"href":"https:\/\/www.casasdosenhor.pt\/novo\/wp-json\/wp\/v2\/users\/1"}],"replies":[{"embeddable":true,"href":"https:\/\/www.casasdosenhor.pt\/novo\/wp-json\/wp\/v2\/comments?post=355"}],"version-history":[{"count":41,"href":"https:\/\/www.casasdosenhor.pt\/novo\/wp-json\/wp\/v2\/pages\/355\/revisions"}],"predecessor-version":[{"id":494,"href":"https:\/\/www.casasdosenhor.pt\/novo\/wp-json\/wp\/v2\/pages\/355\/revisions\/494"}],"wp:attachment":[{"href":"https:\/\/www.casasdosenhor.pt\/novo\/wp-json\/wp\/v2\/media?parent=355"}],"curies":[{"name":"wp","href":"https:\/\/api.w.org\/{rel}","templated":true}]}}